{"id":2053,"date":"2025-04-08T14:37:52","date_gmt":"2025-04-08T12:37:52","guid":{"rendered":"https:\/\/benjaminlemoal.com\/?page_id=2053"},"modified":"2025-05-14T11:43:42","modified_gmt":"2025-05-14T09:43:42","slug":"merci","status":"publish","type":"page","link":"https:\/\/benjaminlemoal.com\/en\/merci\/","title":{"rendered":"Thank you"},"content":{"rendered":"<style>.elementor-2053 .elementor-element.elementor-element-a36c665{--display:flex;--min-height:45vh;--flex-direction:row;--container-widget-width:calc( ( 1 - var( --container-widget-flex-grow ) ) * 100% );--container-widget-height:100%;--container-widget-flex-grow:1;--container-widget-align-self:stretch;--flex-wrap-mobile:wrap;--align-items:stretch;--gap:10px 10px;--row-gap:10px;--column-gap:10px;--overlay-opacity:0.5;--margin-top:0px;--margin-bottom:0px;--margin-left:0px;--margin-right:0px;--padding-top:0px;--padding-bottom:0px;--padding-left:0px;--padding-right:0px;}.elementor-2053 .elementor-element.elementor-element-a36c665:not(.elementor-motion-effects-element-type-background), .elementor-2053 .elementor-element.elementor-element-a36c665 > .elementor-motion-effects-container > .elementor-motion-effects-layer{background-color:var( --e-global-color-primary );background-image:url(\"https:\/\/benjaminlemoal.com\/wp-content\/uploads\/2025\/01\/2111-BENJAMIN-LE-MOAL-Culinaire-et-portraits-29-scaled.jpg\");background-position:center center;background-size:cover;}.elementor-2053 .elementor-element.elementor-element-a36c665::before, .elementor-2053 .elementor-element.elementor-element-a36c665 > .elementor-background-video-container::before, .elementor-2053 .elementor-element.elementor-element-a36c665 > .e-con-inner > .elementor-background-video-container::before, .elementor-2053 .elementor-element.elementor-element-a36c665 > .elementor-background-slideshow::before, .elementor-2053 .elementor-element.elementor-element-a36c665 > .e-con-inner > .elementor-background-slideshow::before, .elementor-2053 .elementor-element.elementor-element-a36c665 > .elementor-motion-effects-container > .elementor-motion-effects-layer::before{--background-overlay:'';background-color:var( --e-global-color-primary );}.elementor-2053 .elementor-element.elementor-element-2e457c5{--display:flex;--justify-content:center;--align-items:center;--container-widget-width:calc( ( 1 - var( --container-widget-flex-grow ) ) * 100% );--margin-top:0px;--margin-bottom:0px;--margin-left:0px;--margin-right:0px;--padding-top:0px;--padding-bottom:0px;--padding-left:0px;--padding-right:0px;}.elementor-2053 .elementor-element.elementor-element-489e518{text-align:center;}.elementor-2053 .elementor-element.elementor-element-489e518 .elementor-heading-title{font-family:\"COPPERPLATE\", Sans-serif;font-size:30px;color:#ffffff;}.elementor-2053 .elementor-element.elementor-element-09cf97c{--display:flex;--flex-direction:row;--container-widget-width:calc( ( 1 - var( --container-widget-flex-grow ) ) * 100% );--container-widget-height:100%;--container-widget-flex-grow:1;--container-widget-align-self:stretch;--flex-wrap-mobile:wrap;--align-items:stretch;--gap:0px 0px;--row-gap:0px;--column-gap:0px;}.elementor-2053 .elementor-element.elementor-element-09cf97c:not(.elementor-motion-effects-element-type-background), .elementor-2053 .elementor-element.elementor-element-09cf97c > .elementor-motion-effects-container > .elementor-motion-effects-layer{background-color:var( --e-global-color-701fad0 );}.elementor-2053 .elementor-element.elementor-element-fa1f4cf{--display:flex;}.elementor-2053 .elementor-element.elementor-element-daae1e5 img{width:70%;opacity:1;border-style:solid;border-width:1px 1px 1px 1px;border-color:var( --e-global-color-accent );border-radius:5px 5px 5px 5px;}.elementor-2053 .elementor-element.elementor-element-e8595f9{--display:flex;--padding-top:80px;--padding-bottom:80px;--padding-left:80px;--padding-right:80px;}.elementor-2053 .elementor-element.elementor-element-f5f5eb8{--spacer-size:30px;}.elementor-2053 .elementor-element.elementor-element-382e59f{text-align:center;}.elementor-2053 .elementor-element.elementor-element-382e59f .elementor-heading-title{color:var( --e-global-color-text );}.elementor-2053 .elementor-element.elementor-element-8ee0400{--display:flex;--flex-direction:row;--container-widget-width:calc( ( 1 - var( --container-widget-flex-grow ) ) * 100% );--container-widget-height:100%;--container-widget-flex-grow:1;--container-widget-align-self:stretch;--flex-wrap-mobile:wrap;--align-items:stretch;--gap:0px 10px;--row-gap:0px;--column-gap:10px;--overlay-opacity:0.4;--margin-top:0px;--margin-bottom:0px;--margin-left:0px;--margin-right:0px;--padding-top:100px;--padding-bottom:100px;--padding-left:100px;--padding-right:100px;}.elementor-2053 .elementor-element.elementor-element-8ee0400:not(.elementor-motion-effects-element-type-background), .elementor-2053 .elementor-element.elementor-element-8ee0400 > .elementor-motion-effects-container > .elementor-motion-effects-layer{background-color:var( --e-global-color-primary );background-image:url(\"https:\/\/benjaminlemoal.com\/wp-content\/uploads\/2025\/03\/macarons2B-scaled.jpg\");background-repeat:no-repeat;background-size:cover;}.elementor-2053 .elementor-element.elementor-element-8ee0400::before, .elementor-2053 .elementor-element.elementor-element-8ee0400 > .elementor-background-video-container::before, .elementor-2053 .elementor-element.elementor-element-8ee0400 > .e-con-inner > .elementor-background-video-container::before, .elementor-2053 .elementor-element.elementor-element-8ee0400 > .elementor-background-slideshow::before, .elementor-2053 .elementor-element.elementor-element-8ee0400 > .e-con-inner > .elementor-background-slideshow::before, .elementor-2053 .elementor-element.elementor-element-8ee0400 > .elementor-motion-effects-container > .elementor-motion-effects-layer::before{--background-overlay:'';background-color:var( --e-global-color-primary );}.elementor-2053 .elementor-element.elementor-element-75d562e{--display:flex;}.elementor-2053 .elementor-element.elementor-element-66f3db3{text-align:center;padding:30px 30px 30px 30px;}.elementor-2053 .elementor-element.elementor-element-66f3db3 .elementor-heading-title{color:var( --e-global-color-ed517e5 );}@media(max-width:1024px) and (min-width:768px){.elementor-2053 .elementor-element.elementor-element-fa1f4cf{--width:100%;}.elementor-2053 .elementor-element.elementor-element-e8595f9{--width:100%;}}@media(max-width:1024px){.elementor-2053 .elementor-element.elementor-element-489e518 .elementor-heading-title{font-size:3.5em;}}@media(max-width:767px){.elementor-2053 .elementor-element.elementor-element-489e518{text-align:center;}.elementor-2053 .elementor-element.elementor-element-489e518 .elementor-heading-title{font-size:3em;}.elementor-2053 .elementor-element.elementor-element-8ee0400{--padding-top:50px;--padding-bottom:50px;--padding-left:50px;--padding-right:50px;}.elementor-2053 .elementor-element.elementor-element-75d562e{--margin-top:0px;--margin-bottom:0px;--margin-left:0px;--margin-right:0px;--padding-top:0px;--padding-bottom:0px;--padding-left:0px;--padding-right:0px;}}\/* Start Custom Fonts CSS *\/@font-face {\n\tfont-family: 'COPPERPLATE';\n\tfont-style: normal;\n\tfont-weight: normal;\n\tfont-display: auto;\n\tsrc: url('http:\/\/s967645435.onlinehome.fr\/wp-content\/uploads\/2025\/01\/OPTICopperplate.ttf') format('truetype');\n}\n@font-face {\n\tfont-family: 'COPPERPLATE';\n\tfont-style: normal;\n\tfont-weight: normal;\n\tfont-display: auto;\n\tsrc: ;\n}\n\/* End Custom Fonts CSS *\/<\/style>\t\t<div data-elementor-type=\"wp-page\" data-elementor-id=\"2053\" class=\"elementor elementor-2053\" data-elementor-post-type=\"page\">\n\t\t\t\t<div class=\"elementor-element elementor-element-a36c665 e-flex e-con-boxed e-con e-parent\" data-id=\"a36c665\" data-element_type=\"container\" data-e-type=\"container\" data-settings=\"{&quot;background_background&quot;:&quot;classic&quot;}\">\n\t\t\t\t\t<div class=\"e-con-inner\">\n\t\t<div class=\"elementor-element elementor-element-2e457c5 e-con-full e-flex e-con e-child\" data-id=\"2e457c5\" data-element_type=\"container\" data-e-type=\"container\">\n\t\t\t\t<div class=\"elementor-element elementor-element-489e518 elementor-widget elementor-widget-heading\" data-id=\"489e518\" data-element_type=\"widget\" data-e-type=\"widget\" data-widget_type=\"heading.default\">\n\t\t\t\t\t<h1 class=\"elementor-heading-title elementor-size-default\">Need a quote <br>Contact Us<\/h1>\t\t\t\t<\/div>\n\t\t\t\t<\/div>\n\t\t\t\t\t<\/div>\n\t\t\t\t<\/div>\n\t\t<div class=\"elementor-element elementor-element-09cf97c e-con-full e-flex e-con e-parent\" data-id=\"09cf97c\" data-element_type=\"container\" data-e-type=\"container\" data-settings=\"{&quot;background_background&quot;:&quot;classic&quot;}\">\n\t\t<div class=\"elementor-element elementor-element-fa1f4cf e-con-full e-flex e-con e-child\" data-id=\"fa1f4cf\" data-element_type=\"container\" data-e-type=\"container\">\n\t\t\t\t<div class=\"elementor-element elementor-element-daae1e5 elementor-widget elementor-widget-image\" data-id=\"daae1e5\" data-element_type=\"widget\" data-e-type=\"widget\" data-widget_type=\"image.default\">\n\t\t\t\t\t\t\t\t\t\t\t\t\t\t\t<img fetchpriority=\"high\" decoding=\"async\" width=\"1708\" height=\"2560\" src=\"https:\/\/benjaminlemoal.com\/wp-content\/uploads\/2025\/01\/PortraitBenjaminLeMoal2024parLB2-scaled.jpg\" class=\"attachment-full size-full wp-image-282\" alt=\"Contactez Benjamin Le Moal, chef priv\u00e9 fran\u00e7ais\" srcset=\"https:\/\/benjaminlemoal.com\/wp-content\/uploads\/2025\/01\/PortraitBenjaminLeMoal2024parLB2-scaled.jpg 1708w, https:\/\/benjaminlemoal.com\/wp-content\/uploads\/2025\/01\/PortraitBenjaminLeMoal2024parLB2-200x300.jpg 200w, https:\/\/benjaminlemoal.com\/wp-content\/uploads\/2025\/01\/PortraitBenjaminLeMoal2024parLB2-683x1024.jpg 683w, https:\/\/benjaminlemoal.com\/wp-content\/uploads\/2025\/01\/PortraitBenjaminLeMoal2024parLB2-768x1151.jpg 768w, https:\/\/benjaminlemoal.com\/wp-content\/uploads\/2025\/01\/PortraitBenjaminLeMoal2024parLB2-1025x1536.jpg 1025w, https:\/\/benjaminlemoal.com\/wp-content\/uploads\/2025\/01\/PortraitBenjaminLeMoal2024parLB2-1366x2048.jpg 1366w\" sizes=\"(max-width: 1708px) 100vw, 1708px\" \/>\t\t\t\t\t\t\t\t\t\t\t\t\t\t\t<\/div>\n\t\t\t\t<\/div>\n\t\t<div class=\"elementor-element elementor-element-e8595f9 e-con-full e-flex e-con e-child\" data-id=\"e8595f9\" data-element_type=\"container\" data-e-type=\"container\">\n\t\t\t\t<div class=\"elementor-element elementor-element-f5f5eb8 elementor-widget elementor-widget-spacer\" data-id=\"f5f5eb8\" data-element_type=\"widget\" data-e-type=\"widget\" data-widget_type=\"spacer.default\">\n\t\t\t\t\t\t\t<div class=\"elementor-spacer\">\n\t\t\t<div class=\"elementor-spacer-inner\"><\/div>\n\t\t<\/div>\n\t\t\t\t\t\t<\/div>\n\t\t\t\t<div class=\"elementor-element elementor-element-382e59f elementor-widget elementor-widget-heading\" data-id=\"382e59f\" data-element_type=\"widget\" data-e-type=\"widget\" data-widget_type=\"heading.default\">\n\t\t\t\t\t<h2 class=\"elementor-heading-title elementor-size-default\">We thank you for your request, <br>our teams will contact you soon<\/h2>\t\t\t\t<\/div>\n\t\t\t\t<\/div>\n\t\t\t\t<\/div>\n\t\t<div class=\"elementor-element elementor-element-8ee0400 e-con-full e-flex e-con e-parent\" data-id=\"8ee0400\" data-element_type=\"container\" data-e-type=\"container\" data-settings=\"{&quot;background_background&quot;:&quot;classic&quot;}\">\n\t\t<div class=\"elementor-element elementor-element-75d562e e-con-full e-flex e-con e-child\" data-id=\"75d562e\" data-element_type=\"container\" data-e-type=\"container\">\n\t\t\t\t<div class=\"elementor-element elementor-element-66f3db3 elementor-widget elementor-widget-heading\" data-id=\"66f3db3\" data-element_type=\"widget\" data-e-type=\"widget\" data-widget_type=\"heading.default\">\n\t\t\t\t\t<h2 class=\"elementor-heading-title elementor-size-default\">- PRIVATE CHEF -<br>\nPARIS - THE FRENCH RIVIERA - <br>GENEVA - LONDON - SINGAPORE<\/h2>\t\t\t\t<\/div>\n\t\t\t\t<\/div>\n\t\t\t\t<\/div>\n\t\t\t\t<\/div>","protected":false},"excerpt":{"rendered":"<p>Besoin d&rsquo;un devis Contactez-Nous Nous vous remercions pour votre demande, nos \u00e9quipes vous contacterons tr\u00e8s prochainement &#8211; CHEF PRIV\u00c9 &#8211; PARIS &#8211; FRENCH RIVIERA &#8211; GEN\u00c8VE &#8211; LONDRES &#8211; SINGAPOUR<\/p>","protected":false},"author":1,"featured_media":0,"parent":0,"menu_order":0,"comment_status":"closed","ping_status":"closed","template":"","meta":{"iawp_total_views":43,"footnotes":""},"class_list":["post-2053","page","type-page","status-publish","hentry"],"yoast_head":"<!-- This site is optimized with the Yoast SEO plugin v27.3 - https:\/\/yoast.com\/product\/yoast-seo-wordpress\/ -->\n<title>Merci ! - BENJAMIN LE MOAL<\/title>\n<meta name=\"robots\" content=\"index, follow, max-snippet:-1, max-image-preview:large, max-video-preview:-1\" \/>\n<link rel=\"canonical\" href=\"https:\/\/benjaminlemoal.com\/en\/merci\/\" \/>\n<meta property=\"og:locale\" content=\"en_GB\" \/>\n<meta property=\"og:type\" content=\"article\" \/>\n<meta property=\"og:title\" content=\"Merci ! - BENJAMIN LE MOAL\" \/>\n<meta property=\"og:description\" content=\"Besoin d&rsquo;un devis Contactez-Nous Nous vous remercions pour votre demande, nos \u00e9quipes vous contacterons tr\u00e8s prochainement &#8211; CHEF PRIV\u00c9 &#8211; PARIS &#8211; FRENCH RIVIERA &#8211; GEN\u00c8VE &#8211; LONDRES &#8211; SINGAPOUR\" \/>\n<meta property=\"og:url\" content=\"https:\/\/benjaminlemoal.com\/en\/merci\/\" \/>\n<meta property=\"og:site_name\" content=\"BENJAMIN LE MOAL\" \/>\n<meta property=\"article:modified_time\" content=\"2025-05-14T09:43:42+00:00\" \/>\n<meta property=\"og:image\" content=\"https:\/\/benjaminlemoal.com\/wp-content\/uploads\/2025\/01\/PortraitBenjaminLeMoal2024parLB2-scaled.jpg\" \/>\n\t<meta property=\"og:image:width\" content=\"1708\" \/>\n\t<meta property=\"og:image:height\" content=\"2560\" \/>\n\t<meta property=\"og:image:type\" content=\"image\/jpeg\" \/>\n<meta name=\"twitter:card\" content=\"summary_large_image\" \/>\n<meta name=\"twitter:label1\" content=\"Estimated reading time\" \/>\n\t<meta name=\"twitter:data1\" content=\"1 minute\" \/>\n<script type=\"application\/ld+json\" class=\"yoast-schema-graph\">{\"@context\":\"https:\\\/\\\/schema.org\",\"@graph\":[{\"@type\":\"WebPage\",\"@id\":\"https:\\\/\\\/benjaminlemoal.com\\\/merci\\\/\",\"url\":\"https:\\\/\\\/benjaminlemoal.com\\\/merci\\\/\",\"name\":\"Merci ! - BENJAMIN LE MOAL\",\"isPartOf\":{\"@id\":\"https:\\\/\\\/benjaminlemoal.com\\\/#website\"},\"primaryImageOfPage\":{\"@id\":\"https:\\\/\\\/benjaminlemoal.com\\\/merci\\\/#primaryimage\"},\"image\":{\"@id\":\"https:\\\/\\\/benjaminlemoal.com\\\/merci\\\/#primaryimage\"},\"thumbnailUrl\":\"https:\\\/\\\/benjaminlemoal.com\\\/wp-content\\\/uploads\\\/2025\\\/01\\\/PortraitBenjaminLeMoal2024parLB2-scaled.jpg\",\"datePublished\":\"2025-04-08T12:37:52+00:00\",\"dateModified\":\"2025-05-14T09:43:42+00:00\",\"breadcrumb\":{\"@id\":\"https:\\\/\\\/benjaminlemoal.com\\\/merci\\\/#breadcrumb\"},\"inLanguage\":\"en-GB\",\"potentialAction\":[{\"@type\":\"ReadAction\",\"target\":[\"https:\\\/\\\/benjaminlemoal.com\\\/merci\\\/\"]}]},{\"@type\":\"ImageObject\",\"inLanguage\":\"en-GB\",\"@id\":\"https:\\\/\\\/benjaminlemoal.com\\\/merci\\\/#primaryimage\",\"url\":\"https:\\\/\\\/benjaminlemoal.com\\\/wp-content\\\/uploads\\\/2025\\\/01\\\/PortraitBenjaminLeMoal2024parLB2-scaled.jpg\",\"contentUrl\":\"https:\\\/\\\/benjaminlemoal.com\\\/wp-content\\\/uploads\\\/2025\\\/01\\\/PortraitBenjaminLeMoal2024parLB2-scaled.jpg\"},{\"@type\":\"BreadcrumbList\",\"@id\":\"https:\\\/\\\/benjaminlemoal.com\\\/merci\\\/#breadcrumb\",\"itemListElement\":[{\"@type\":\"ListItem\",\"position\":1,\"name\":\"Accueil\",\"item\":\"https:\\\/\\\/benjaminlemoal.com\\\/\"},{\"@type\":\"ListItem\",\"position\":2,\"name\":\"Merci !\"}]},{\"@type\":\"WebSite\",\"@id\":\"https:\\\/\\\/benjaminlemoal.com\\\/#website\",\"url\":\"https:\\\/\\\/benjaminlemoal.com\\\/\",\"name\":\"BENJAMIN LE MOAL\",\"description\":\"Private chef &amp; Event Planner\",\"publisher\":{\"@id\":\"https:\\\/\\\/benjaminlemoal.com\\\/#organization\"},\"potentialAction\":[{\"@type\":\"SearchAction\",\"target\":{\"@type\":\"EntryPoint\",\"urlTemplate\":\"https:\\\/\\\/benjaminlemoal.com\\\/?s={search_term_string}\"},\"query-input\":{\"@type\":\"PropertyValueSpecification\",\"valueRequired\":true,\"valueName\":\"search_term_string\"}}],\"inLanguage\":\"en-GB\"},{\"@type\":\"Organization\",\"@id\":\"https:\\\/\\\/benjaminlemoal.com\\\/#organization\",\"name\":\"BENJAMIN LE MOAL\",\"url\":\"https:\\\/\\\/benjaminlemoal.com\\\/\",\"logo\":{\"@type\":\"ImageObject\",\"inLanguage\":\"en-GB\",\"@id\":\"https:\\\/\\\/benjaminlemoal.com\\\/#\\\/schema\\\/logo\\\/image\\\/\",\"url\":\"https:\\\/\\\/benjaminlemoal.com\\\/wp-content\\\/uploads\\\/2025\\\/01\\\/LOGO-BENJAMIN-LE-MOAL-.png\",\"contentUrl\":\"https:\\\/\\\/benjaminlemoal.com\\\/wp-content\\\/uploads\\\/2025\\\/01\\\/LOGO-BENJAMIN-LE-MOAL-.png\",\"width\":2000,\"height\":1334,\"caption\":\"BENJAMIN LE MOAL\"},\"image\":{\"@id\":\"https:\\\/\\\/benjaminlemoal.com\\\/#\\\/schema\\\/logo\\\/image\\\/\"}}]}<\/script>\n<!-- \/ Yoast SEO plugin. -->","yoast_head_json":{"title":"Merci ! - BENJAMIN LE MOAL","robots":{"index":"index","follow":"follow","max-snippet":"max-snippet:-1","max-image-preview":"max-image-preview:large","max-video-preview":"max-video-preview:-1"},"canonical":"https:\/\/benjaminlemoal.com\/en\/merci\/","og_locale":"en_GB","og_type":"article","og_title":"Merci ! - BENJAMIN LE MOAL","og_description":"Besoin d&rsquo;un devis Contactez-Nous Nous vous remercions pour votre demande, nos \u00e9quipes vous contacterons tr\u00e8s prochainement &#8211; CHEF PRIV\u00c9 &#8211; PARIS &#8211; FRENCH RIVIERA &#8211; GEN\u00c8VE &#8211; LONDRES &#8211; SINGAPOUR","og_url":"https:\/\/benjaminlemoal.com\/en\/merci\/","og_site_name":"BENJAMIN LE MOAL","article_modified_time":"2025-05-14T09:43:42+00:00","og_image":[{"width":1708,"height":2560,"url":"https:\/\/benjaminlemoal.com\/wp-content\/uploads\/2025\/01\/PortraitBenjaminLeMoal2024parLB2-scaled.jpg","type":"image\/jpeg"}],"twitter_card":"summary_large_image","twitter_misc":{"Estimated reading time":"1 minute"},"schema":{"@context":"https:\/\/schema.org","@graph":[{"@type":"WebPage","@id":"https:\/\/benjaminlemoal.com\/merci\/","url":"https:\/\/benjaminlemoal.com\/merci\/","name":"Merci ! - BENJAMIN LE MOAL","isPartOf":{"@id":"https:\/\/benjaminlemoal.com\/#website"},"primaryImageOfPage":{"@id":"https:\/\/benjaminlemoal.com\/merci\/#primaryimage"},"image":{"@id":"https:\/\/benjaminlemoal.com\/merci\/#primaryimage"},"thumbnailUrl":"https:\/\/benjaminlemoal.com\/wp-content\/uploads\/2025\/01\/PortraitBenjaminLeMoal2024parLB2-scaled.jpg","datePublished":"2025-04-08T12:37:52+00:00","dateModified":"2025-05-14T09:43:42+00:00","breadcrumb":{"@id":"https:\/\/benjaminlemoal.com\/merci\/#breadcrumb"},"inLanguage":"en-GB","potentialAction":[{"@type":"ReadAction","target":["https:\/\/benjaminlemoal.com\/merci\/"]}]},{"@type":"ImageObject","inLanguage":"en-GB","@id":"https:\/\/benjaminlemoal.com\/merci\/#primaryimage","url":"https:\/\/benjaminlemoal.com\/wp-content\/uploads\/2025\/01\/PortraitBenjaminLeMoal2024parLB2-scaled.jpg","contentUrl":"https:\/\/benjaminlemoal.com\/wp-content\/uploads\/2025\/01\/PortraitBenjaminLeMoal2024parLB2-scaled.jpg"},{"@type":"BreadcrumbList","@id":"https:\/\/benjaminlemoal.com\/merci\/#breadcrumb","itemListElement":[{"@type":"ListItem","position":1,"name":"Accueil","item":"https:\/\/benjaminlemoal.com\/"},{"@type":"ListItem","position":2,"name":"Merci !"}]},{"@type":"WebSite","@id":"https:\/\/benjaminlemoal.com\/#website","url":"https:\/\/benjaminlemoal.com\/","name":"BENJAMIN LE MOAL","description":"Private chef &amp; Event Planner","publisher":{"@id":"https:\/\/benjaminlemoal.com\/#organization"},"potentialAction":[{"@type":"SearchAction","target":{"@type":"EntryPoint","urlTemplate":"https:\/\/benjaminlemoal.com\/?s={search_term_string}"},"query-input":{"@type":"PropertyValueSpecification","valueRequired":true,"valueName":"search_term_string"}}],"inLanguage":"en-GB"},{"@type":"Organization","@id":"https:\/\/benjaminlemoal.com\/#organization","name":"BENJAMIN LE MOAL","url":"https:\/\/benjaminlemoal.com\/","logo":{"@type":"ImageObject","inLanguage":"en-GB","@id":"https:\/\/benjaminlemoal.com\/#\/schema\/logo\/image\/","url":"https:\/\/benjaminlemoal.com\/wp-content\/uploads\/2025\/01\/LOGO-BENJAMIN-LE-MOAL-.png","contentUrl":"https:\/\/benjaminlemoal.com\/wp-content\/uploads\/2025\/01\/LOGO-BENJAMIN-LE-MOAL-.png","width":2000,"height":1334,"caption":"BENJAMIN LE MOAL"},"image":{"@id":"https:\/\/benjaminlemoal.com\/#\/schema\/logo\/image\/"}}]}},"_links":{"self":[{"href":"https:\/\/benjaminlemoal.com\/en\/wp-json\/wp\/v2\/pages\/2053","targetHints":{"allow":["GET"]}}],"collection":[{"href":"https:\/\/benjaminlemoal.com\/en\/wp-json\/wp\/v2\/pages"}],"about":[{"href":"https:\/\/benjaminlemoal.com\/en\/wp-json\/wp\/v2\/types\/page"}],"author":[{"embeddable":true,"href":"https:\/\/benjaminlemoal.com\/en\/wp-json\/wp\/v2\/users\/1"}],"replies":[{"embeddable":true,"href":"https:\/\/benjaminlemoal.com\/en\/wp-json\/wp\/v2\/comments?post=2053"}],"version-history":[{"count":7,"href":"https:\/\/benjaminlemoal.com\/en\/wp-json\/wp\/v2\/pages\/2053\/revisions"}],"predecessor-version":[{"id":2351,"href":"https:\/\/benjaminlemoal.com\/en\/wp-json\/wp\/v2\/pages\/2053\/revisions\/2351"}],"wp:attachment":[{"href":"https:\/\/benjaminlemoal.com\/en\/wp-json\/wp\/v2\/media?parent=2053"}],"curies":[{"name":"wp","href":"https:\/\/api.w.org\/{rel}","templated":true}]}}